{"id":190,"date":"2025-09-28T15:34:52","date_gmt":"2025-09-28T13:34:52","guid":{"rendered":"http:\/\/politique-de-confidentialite"},"modified":"2025-09-28T15:34:52","modified_gmt":"2025-09-28T13:34:52","slug":"politique-de-confidentialite","status":"publish","type":"page","link":"https:\/\/www.ludiversia.fr\/?page_id=190","title":{"rendered":"Politique de confidentialit\u00e9"},"content":{"rendered":"<h1>Politique de confidentialit\u00e9<\/h1>\n<p>Nous collectons le minimum de donn\u00e9es n\u00e9cessaire et respectons le RGPD. Complianz aidera \u00e0 g\u00e9rer le consentement cookies. \u00c0 personnaliser selon votre stack.<\/p>\n","protected":false},"excerpt":{"rendered":"<p>Politique de confidentialit\u00e9 Nous collectons le minimum de donn\u00e9es n\u00e9cessaire et respectons le RGPD. Complianz aidera \u00e0 g\u00e9rer le consentement [&hellip;]<\/p>\n","protected":false},"author":1,"featured_media":0,"parent":0,"menu_order":6,"comment_status":"closed","ping_status":"closed","template":"","meta":{"site-sidebar-layout":"default","site-content-layout":"","ast-site-content-layout":"default","site-content-style":"default","site-sidebar-style":"default","ast-global-header-display":"","ast-banner-title-visibility":"","ast-main-header-display":"","ast-hfb-above-header-display":"","ast-hfb-below-header-display":"","ast-hfb-mobile-header-display":"","site-post-title":"","ast-breadcrumbs-content":"","ast-featured-img":"","footer-sml-layout":"","ast-disable-related-posts":"","theme-transparent-header-meta":"","adv-header-id-meta":"","stick-header-meta":"","header-above-stick-meta":"","header-main-stick-meta":"","header-below-stick-meta":"","astra-migrate-meta-layouts":"default","ast-page-background-enabled":"default","ast-page-background-meta":{"desktop":{"background-color":"var(--ast-global-color-5)","background-image":"","background-repeat":"repeat","background-position":"center center","background-size":"auto","background-attachment":"scroll","background-type":"","background-media":"","overlay-type":"","overlay-color":"","overlay-opacity":"","overlay-gradient":""},"tablet":{"background-color":"","background-image":"","background-repeat":"repeat","background-position":"center center","background-size":"auto","background-attachment":"scroll","background-type":"","background-media":"","overlay-type":"","overlay-color":"","overlay-opacity":"","overlay-gradient":""},"mobile":{"background-color":"","background-image":"","background-repeat":"repeat","background-position":"center center","background-size":"auto","background-attachment":"scroll","background-type":"","background-media":"","overlay-type":"","overlay-color":"","overlay-opacity":"","overlay-gradient":""}},"ast-content-background-meta":{"desktop":{"background-color":"var(--ast-global-color-4)","background-image":"","background-repeat":"repeat","background-position":"center center","background-size":"auto","background-attachment":"scroll","background-type":"","background-media":"","overlay-type":"","overlay-color":"","overlay-opacity":"","overlay-gradient":""},"tablet":{"background-color":"var(--ast-global-color-4)","background-image":"","background-repeat":"repeat","background-position":"center center","background-size":"auto","background-attachment":"scroll","background-type":"","background-media":"","overlay-type":"","overlay-color":"","overlay-opacity":"","overlay-gradient":""},"mobile":{"background-color":"var(--ast-global-color-4)","background-image":"","background-repeat":"repeat","background-position":"center center","background-size":"auto","background-attachment":"scroll","background-type":"","background-media":"","overlay-type":"","overlay-color":"","overlay-opacity":"","overlay-gradient":""}},"footnotes":""},"class_list":["post-190","page","type-page","status-publish","hentry"],"yoast_head":"<!-- This site is optimized with the Yoast SEO plugin v27.3 - https:\/\/yoast.com\/product\/yoast-seo-wordpress\/ -->\n<title>Politique de confidentialit\u00e9 -<\/title>\n<meta name=\"robots\" content=\"index, follow, max-snippet:-1, max-image-preview:large, max-video-preview:-1\" \/>\n<link rel=\"canonical\" href=\"https:\/\/www.ludiversia.fr\/?page_id=190\" \/>\n<meta property=\"og:locale\" content=\"fr_FR\" \/>\n<meta property=\"og:type\" content=\"article\" \/>\n<meta property=\"og:title\" content=\"Politique de confidentialit\u00e9 -\" \/>\n<meta property=\"og:description\" content=\"Politique de confidentialit\u00e9 Nous collectons le minimum de donn\u00e9es n\u00e9cessaire et respectons le RGPD. Complianz aidera \u00e0 g\u00e9rer le consentement [&hellip;]\" \/>\n<meta property=\"og:url\" content=\"https:\/\/www.ludiversia.fr\/?page_id=190\" \/>\n<meta name=\"twitter:card\" content=\"summary_large_image\" \/>\n<script type=\"application\/ld+json\" class=\"yoast-schema-graph\">{\"@context\":\"https:\\\/\\\/schema.org\",\"@graph\":[{\"@type\":\"WebPage\",\"@id\":\"https:\\\/\\\/www.ludiversia.fr\\\/?page_id=190\",\"url\":\"https:\\\/\\\/www.ludiversia.fr\\\/?page_id=190\",\"name\":\"Politique de confidentialit\u00e9 -\",\"isPartOf\":{\"@id\":\"https:\\\/\\\/www.ludiversia.fr\\\/#website\"},\"datePublished\":\"2025-09-28T13:34:52+00:00\",\"breadcrumb\":{\"@id\":\"https:\\\/\\\/www.ludiversia.fr\\\/?page_id=190#breadcrumb\"},\"inLanguage\":\"fr-FR\",\"potentialAction\":[{\"@type\":\"ReadAction\",\"target\":[\"https:\\\/\\\/www.ludiversia.fr\\\/?page_id=190\"]}]},{\"@type\":\"BreadcrumbList\",\"@id\":\"https:\\\/\\\/www.ludiversia.fr\\\/?page_id=190#breadcrumb\",\"itemListElement\":[{\"@type\":\"ListItem\",\"position\":1,\"name\":\"Accueil\",\"item\":\"https:\\\/\\\/www.ludiversia.fr\\\/\"},{\"@type\":\"ListItem\",\"position\":2,\"name\":\"Politique de confidentialit\u00e9\"}]},{\"@type\":\"WebSite\",\"@id\":\"https:\\\/\\\/www.ludiversia.fr\\\/#website\",\"url\":\"https:\\\/\\\/www.ludiversia.fr\\\/\",\"name\":\"ludiversIA\",\"description\":\"\",\"publisher\":{\"@id\":\"https:\\\/\\\/www.ludiversia.fr\\\/#organization\"},\"potentialAction\":[{\"@type\":\"SearchAction\",\"target\":{\"@type\":\"EntryPoint\",\"urlTemplate\":\"https:\\\/\\\/www.ludiversia.fr\\\/?s={search_term_string}\"},\"query-input\":{\"@type\":\"PropertyValueSpecification\",\"valueRequired\":true,\"valueName\":\"search_term_string\"}}],\"inLanguage\":\"fr-FR\"},{\"@type\":\"Organization\",\"@id\":\"https:\\\/\\\/www.ludiversia.fr\\\/#organization\",\"name\":\"ludiversIA\",\"url\":\"https:\\\/\\\/www.ludiversia.fr\\\/\",\"logo\":{\"@type\":\"ImageObject\",\"inLanguage\":\"fr-FR\",\"@id\":\"https:\\\/\\\/www.ludiversia.fr\\\/#\\\/schema\\\/logo\\\/image\\\/\",\"url\":\"https:\\\/\\\/www.ludiversia.fr\\\/wp-content\\\/uploads\\\/2025\\\/08\\\/logo-signature.png\",\"contentUrl\":\"https:\\\/\\\/www.ludiversia.fr\\\/wp-content\\\/uploads\\\/2025\\\/08\\\/logo-signature.png\",\"width\":226,\"height\":215,\"caption\":\"ludiversIA\"},\"image\":{\"@id\":\"https:\\\/\\\/www.ludiversia.fr\\\/#\\\/schema\\\/logo\\\/image\\\/\"}}]}<\/script>\n<!-- \/ Yoast SEO plugin. -->","yoast_head_json":{"title":"Politique de confidentialit\u00e9 -","robots":{"index":"index","follow":"follow","max-snippet":"max-snippet:-1","max-image-preview":"max-image-preview:large","max-video-preview":"max-video-preview:-1"},"canonical":"https:\/\/www.ludiversia.fr\/?page_id=190","og_locale":"fr_FR","og_type":"article","og_title":"Politique de confidentialit\u00e9 -","og_description":"Politique de confidentialit\u00e9 Nous collectons le minimum de donn\u00e9es n\u00e9cessaire et respectons le RGPD. Complianz aidera \u00e0 g\u00e9rer le consentement [&hellip;]","og_url":"https:\/\/www.ludiversia.fr\/?page_id=190","twitter_card":"summary_large_image","schema":{"@context":"https:\/\/schema.org","@graph":[{"@type":"WebPage","@id":"https:\/\/www.ludiversia.fr\/?page_id=190","url":"https:\/\/www.ludiversia.fr\/?page_id=190","name":"Politique de confidentialit\u00e9 -","isPartOf":{"@id":"https:\/\/www.ludiversia.fr\/#website"},"datePublished":"2025-09-28T13:34:52+00:00","breadcrumb":{"@id":"https:\/\/www.ludiversia.fr\/?page_id=190#breadcrumb"},"inLanguage":"fr-FR","potentialAction":[{"@type":"ReadAction","target":["https:\/\/www.ludiversia.fr\/?page_id=190"]}]},{"@type":"BreadcrumbList","@id":"https:\/\/www.ludiversia.fr\/?page_id=190#breadcrumb","itemListElement":[{"@type":"ListItem","position":1,"name":"Accueil","item":"https:\/\/www.ludiversia.fr\/"},{"@type":"ListItem","position":2,"name":"Politique de confidentialit\u00e9"}]},{"@type":"WebSite","@id":"https:\/\/www.ludiversia.fr\/#website","url":"https:\/\/www.ludiversia.fr\/","name":"ludiversIA","description":"","publisher":{"@id":"https:\/\/www.ludiversia.fr\/#organization"},"potentialAction":[{"@type":"SearchAction","target":{"@type":"EntryPoint","urlTemplate":"https:\/\/www.ludiversia.fr\/?s={search_term_string}"},"query-input":{"@type":"PropertyValueSpecification","valueRequired":true,"valueName":"search_term_string"}}],"inLanguage":"fr-FR"},{"@type":"Organization","@id":"https:\/\/www.ludiversia.fr\/#organization","name":"ludiversIA","url":"https:\/\/www.ludiversia.fr\/","logo":{"@type":"ImageObject","inLanguage":"fr-FR","@id":"https:\/\/www.ludiversia.fr\/#\/schema\/logo\/image\/","url":"https:\/\/www.ludiversia.fr\/wp-content\/uploads\/2025\/08\/logo-signature.png","contentUrl":"https:\/\/www.ludiversia.fr\/wp-content\/uploads\/2025\/08\/logo-signature.png","width":226,"height":215,"caption":"ludiversIA"},"image":{"@id":"https:\/\/www.ludiversia.fr\/#\/schema\/logo\/image\/"}}]}},"jetpack_sharing_enabled":true,"_links":{"self":[{"href":"https:\/\/www.ludiversia.fr\/index.php?rest_route=\/wp\/v2\/pages\/190","targetHints":{"allow":["GET"]}}],"collection":[{"href":"https:\/\/www.ludiversia.fr\/index.php?rest_route=\/wp\/v2\/pages"}],"about":[{"href":"https:\/\/www.ludiversia.fr\/index.php?rest_route=\/wp\/v2\/types\/page"}],"author":[{"embeddable":true,"href":"https:\/\/www.ludiversia.fr\/index.php?rest_route=\/wp\/v2\/users\/1"}],"replies":[{"embeddable":true,"href":"https:\/\/www.ludiversia.fr\/index.php?rest_route=%2Fwp%2Fv2%2Fcomments&post=190"}],"version-history":[{"count":0,"href":"https:\/\/www.ludiversia.fr\/index.php?rest_route=\/wp\/v2\/pages\/190\/revisions"}],"wp:attachment":[{"href":"https:\/\/www.ludiversia.fr\/index.php?rest_route=%2Fwp%2Fv2%2Fmedia&parent=190"}],"curies":[{"name":"wp","href":"https:\/\/api.w.org\/{rel}","templated":true}]}}