{"id":104,"date":"2025-08-20T15:11:45","date_gmt":"2025-08-20T15:11:45","guid":{"rendered":"http:\/\/ludiversia-104"},"modified":"2025-08-25T17:27:35","modified_gmt":"2025-08-25T15:27:35","slug":"versl","status":"publish","type":"page","link":"https:\/\/www.ludiversia.fr\/?page_id=104","title":{"rendered":"Vers\u2019L \u2014 Le m\u00e9dia de r\u00e9f\u00e9rence"},"content":{"rendered":"\n<div class=\"wp-block-group is-layout-constrained wp-container-core-group-is-layout-1f0de766 wp-block-group-is-layout-constrained\" style=\"padding:48px 24px\">\n  <h1 class=\"wp-block-heading\">Vers\u2019L \u2014 Le m\u00e9dia de r\u00e9f\u00e9rence<\/h1>\n  <p>Enqu\u00eates ind\u00e9pendantes, tests argument\u00e9s, guides pratiques et data\u2011stories sur le jeu et le jouet. Marketplace qualifi\u00e9e \u00e0 venir.<\/p>\n  \n  <div class=\"wp-block-columns is-layout-flex wp-container-core-columns-is-layout-28f84493 wp-block-columns-is-layout-flex\">\n    <div class=\"wp-block-column\"><h3 class=\"wp-block-heading\">Rubriques<\/h3><ul class=\"wp-block-list\"><li>Dossiers<\/li><li>Tests<\/li><li>Guides<\/li><li>Interviews<\/li><li>Data<\/li><li>Actus<\/li><\/ul><\/div>\n    <div class=\"wp-block-column\"><h3 class=\"wp-block-heading\">Charte \u00e9ditoriale<\/h3><p>Sources cit\u00e9es, m\u00e9thodologie transparente, relectures expertes, neutralit\u00e9 publicitaire sur les contenus \u201cr\u00e9f\u00e9rence\u201d.<\/p><\/div>\n    <div class=\"wp-block-column\"><h3 class=\"wp-block-heading\">Marketplace Vers\u2019L<\/h3><p>S\u00e9lection exigeante de marques \u00e9coresponsables\u202f: tra\u00e7abilit\u00e9, s\u00e9curit\u00e9, inclusion, service apr\u00e8s\u2011vente.<\/p><\/div>\n  <\/div>\n  \n  <div class=\"wp-block-buttons is-layout-flex wp-block-buttons-is-layout-flex\"><div class=\"wp-block-button\"><a class=\"wp-block-button__link wp-element-button\" href=\"\/contact\">Proposer un sujet<\/a><\/div><div class=\"wp-block-button is-style-outline\"><a class=\"wp-block-button__link wp-element-button\" href=\"\/contact\">Devenir marque partenaire<\/a><\/div><\/div>\n<\/div>\n","protected":false},"excerpt":{"rendered":"<p>Vers\u2019L \u2014 Le m\u00e9dia de r\u00e9f\u00e9rence Enqu\u00eates ind\u00e9pendantes, tests argument\u00e9s, guides pratiques et data\u2011stories sur le jeu et le jouet. [&hellip;]<\/p>\n","protected":false},"author":1,"featured_media":0,"parent":0,"menu_order":0,"comment_status":"closed","ping_status":"closed","template":"","meta":{"site-sidebar-layout":"default","site-content-layout":"","ast-site-content-layout":"default","site-content-style":"default","site-sidebar-style":"default","ast-global-header-display":"","ast-banner-title-visibility":"","ast-main-header-display":"","ast-hfb-above-header-display":"","ast-hfb-below-header-display":"","ast-hfb-mobile-header-display":"","site-post-title":"","ast-breadcrumbs-content":"","ast-featured-img":"","footer-sml-layout":"","ast-disable-related-posts":"","theme-transparent-header-meta":"","adv-header-id-meta":"","stick-header-meta":"","header-above-stick-meta":"","header-main-stick-meta":"","header-below-stick-meta":"","astra-migrate-meta-layouts":"default","ast-page-background-enabled":"default","ast-page-background-meta":{"desktop":{"background-color":"var(--ast-global-color-5)","background-image":"","background-repeat":"repeat","background-position":"center center","background-size":"auto","background-attachment":"scroll","background-type":"","background-media":"","overlay-type":"","overlay-color":"","overlay-opacity":"","overlay-gradient":""},"tablet":{"background-color":"","background-image":"","background-repeat":"repeat","background-position":"center center","background-size":"auto","background-attachment":"scroll","background-type":"","background-media":"","overlay-type":"","overlay-color":"","overlay-opacity":"","overlay-gradient":""},"mobile":{"background-color":"","background-image":"","background-repeat":"repeat","background-position":"center center","background-size":"auto","background-attachment":"scroll","background-type":"","background-media":"","overlay-type":"","overlay-color":"","overlay-opacity":"","overlay-gradient":""}},"ast-content-background-meta":{"desktop":{"background-color":"var(--ast-global-color-4)","background-image":"","background-repeat":"repeat","background-position":"center center","background-size":"auto","background-attachment":"scroll","background-type":"","background-media":"","overlay-type":"","overlay-color":"","overlay-opacity":"","overlay-gradient":""},"tablet":{"background-color":"var(--ast-global-color-4)","background-image":"","background-repeat":"repeat","background-position":"center center","background-size":"auto","background-attachment":"scroll","background-type":"","background-media":"","overlay-type":"","overlay-color":"","overlay-opacity":"","overlay-gradient":""},"mobile":{"background-color":"var(--ast-global-color-4)","background-image":"","background-repeat":"repeat","background-position":"center center","background-size":"auto","background-attachment":"scroll","background-type":"","background-media":"","overlay-type":"","overlay-color":"","overlay-opacity":"","overlay-gradient":""}},"footnotes":""},"class_list":["post-104","page","type-page","status-publish","hentry"],"yoast_head":"<!-- This site is optimized with the Yoast SEO plugin v27.3 - https:\/\/yoast.com\/product\/yoast-seo-wordpress\/ -->\n<title>Vers\u2019L \u2014 Le m\u00e9dia de r\u00e9f\u00e9rence -<\/title>\n<meta name=\"robots\" content=\"index, follow, max-snippet:-1, max-image-preview:large, max-video-preview:-1\" \/>\n<link rel=\"canonical\" href=\"https:\/\/www.ludiversia.fr\/?page_id=104\" \/>\n<meta property=\"og:locale\" content=\"fr_FR\" \/>\n<meta property=\"og:type\" content=\"article\" \/>\n<meta property=\"og:title\" content=\"Vers\u2019L \u2014 Le m\u00e9dia de r\u00e9f\u00e9rence -\" \/>\n<meta property=\"og:description\" content=\"Vers\u2019L \u2014 Le m\u00e9dia de r\u00e9f\u00e9rence Enqu\u00eates ind\u00e9pendantes, tests argument\u00e9s, guides pratiques et data\u2011stories sur le jeu et le jouet. [&hellip;]\" \/>\n<meta property=\"og:url\" content=\"https:\/\/www.ludiversia.fr\/?page_id=104\" \/>\n<meta property=\"article:modified_time\" content=\"2025-08-25T15:27:35+00:00\" \/>\n<meta name=\"twitter:card\" content=\"summary_large_image\" \/>\n<meta name=\"twitter:label1\" content=\"Dur\u00e9e de lecture estim\u00e9e\" \/>\n\t<meta name=\"twitter:data1\" content=\"1 minute\" \/>\n<script type=\"application\/ld+json\" class=\"yoast-schema-graph\">{\"@context\":\"https:\\\/\\\/schema.org\",\"@graph\":[{\"@type\":\"WebPage\",\"@id\":\"https:\\\/\\\/www.ludiversia.fr\\\/?page_id=104\",\"url\":\"https:\\\/\\\/www.ludiversia.fr\\\/?page_id=104\",\"name\":\"Vers\u2019L \u2014 Le m\u00e9dia de r\u00e9f\u00e9rence -\",\"isPartOf\":{\"@id\":\"https:\\\/\\\/www.ludiversia.fr\\\/#website\"},\"datePublished\":\"2025-08-20T15:11:45+00:00\",\"dateModified\":\"2025-08-25T15:27:35+00:00\",\"breadcrumb\":{\"@id\":\"https:\\\/\\\/www.ludiversia.fr\\\/?page_id=104#breadcrumb\"},\"inLanguage\":\"fr-FR\",\"potentialAction\":[{\"@type\":\"ReadAction\",\"target\":[\"https:\\\/\\\/www.ludiversia.fr\\\/?page_id=104\"]}]},{\"@type\":\"BreadcrumbList\",\"@id\":\"https:\\\/\\\/www.ludiversia.fr\\\/?page_id=104#breadcrumb\",\"itemListElement\":[{\"@type\":\"ListItem\",\"position\":1,\"name\":\"Accueil\",\"item\":\"https:\\\/\\\/www.ludiversia.fr\\\/\"},{\"@type\":\"ListItem\",\"position\":2,\"name\":\"Vers\u2019L \u2014 Le m\u00e9dia de r\u00e9f\u00e9rence\"}]},{\"@type\":\"WebSite\",\"@id\":\"https:\\\/\\\/www.ludiversia.fr\\\/#website\",\"url\":\"https:\\\/\\\/www.ludiversia.fr\\\/\",\"name\":\"ludiversIA\",\"description\":\"\",\"publisher\":{\"@id\":\"https:\\\/\\\/www.ludiversia.fr\\\/#organization\"},\"potentialAction\":[{\"@type\":\"SearchAction\",\"target\":{\"@type\":\"EntryPoint\",\"urlTemplate\":\"https:\\\/\\\/www.ludiversia.fr\\\/?s={search_term_string}\"},\"query-input\":{\"@type\":\"PropertyValueSpecification\",\"valueRequired\":true,\"valueName\":\"search_term_string\"}}],\"inLanguage\":\"fr-FR\"},{\"@type\":\"Organization\",\"@id\":\"https:\\\/\\\/www.ludiversia.fr\\\/#organization\",\"name\":\"ludiversIA\",\"url\":\"https:\\\/\\\/www.ludiversia.fr\\\/\",\"logo\":{\"@type\":\"ImageObject\",\"inLanguage\":\"fr-FR\",\"@id\":\"https:\\\/\\\/www.ludiversia.fr\\\/#\\\/schema\\\/logo\\\/image\\\/\",\"url\":\"https:\\\/\\\/www.ludiversia.fr\\\/wp-content\\\/uploads\\\/2025\\\/08\\\/logo-signature.png\",\"contentUrl\":\"https:\\\/\\\/www.ludiversia.fr\\\/wp-content\\\/uploads\\\/2025\\\/08\\\/logo-signature.png\",\"width\":226,\"height\":215,\"caption\":\"ludiversIA\"},\"image\":{\"@id\":\"https:\\\/\\\/www.ludiversia.fr\\\/#\\\/schema\\\/logo\\\/image\\\/\"}}]}<\/script>\n<!-- \/ Yoast SEO plugin. -->","yoast_head_json":{"title":"Vers\u2019L \u2014 Le m\u00e9dia de r\u00e9f\u00e9rence -","robots":{"index":"index","follow":"follow","max-snippet":"max-snippet:-1","max-image-preview":"max-image-preview:large","max-video-preview":"max-video-preview:-1"},"canonical":"https:\/\/www.ludiversia.fr\/?page_id=104","og_locale":"fr_FR","og_type":"article","og_title":"Vers\u2019L \u2014 Le m\u00e9dia de r\u00e9f\u00e9rence -","og_description":"Vers\u2019L \u2014 Le m\u00e9dia de r\u00e9f\u00e9rence Enqu\u00eates ind\u00e9pendantes, tests argument\u00e9s, guides pratiques et data\u2011stories sur le jeu et le jouet. [&hellip;]","og_url":"https:\/\/www.ludiversia.fr\/?page_id=104","article_modified_time":"2025-08-25T15:27:35+00:00","twitter_card":"summary_large_image","twitter_misc":{"Dur\u00e9e de lecture estim\u00e9e":"1 minute"},"schema":{"@context":"https:\/\/schema.org","@graph":[{"@type":"WebPage","@id":"https:\/\/www.ludiversia.fr\/?page_id=104","url":"https:\/\/www.ludiversia.fr\/?page_id=104","name":"Vers\u2019L \u2014 Le m\u00e9dia de r\u00e9f\u00e9rence -","isPartOf":{"@id":"https:\/\/www.ludiversia.fr\/#website"},"datePublished":"2025-08-20T15:11:45+00:00","dateModified":"2025-08-25T15:27:35+00:00","breadcrumb":{"@id":"https:\/\/www.ludiversia.fr\/?page_id=104#breadcrumb"},"inLanguage":"fr-FR","potentialAction":[{"@type":"ReadAction","target":["https:\/\/www.ludiversia.fr\/?page_id=104"]}]},{"@type":"BreadcrumbList","@id":"https:\/\/www.ludiversia.fr\/?page_id=104#breadcrumb","itemListElement":[{"@type":"ListItem","position":1,"name":"Accueil","item":"https:\/\/www.ludiversia.fr\/"},{"@type":"ListItem","position":2,"name":"Vers\u2019L \u2014 Le m\u00e9dia de r\u00e9f\u00e9rence"}]},{"@type":"WebSite","@id":"https:\/\/www.ludiversia.fr\/#website","url":"https:\/\/www.ludiversia.fr\/","name":"ludiversIA","description":"","publisher":{"@id":"https:\/\/www.ludiversia.fr\/#organization"},"potentialAction":[{"@type":"SearchAction","target":{"@type":"EntryPoint","urlTemplate":"https:\/\/www.ludiversia.fr\/?s={search_term_string}"},"query-input":{"@type":"PropertyValueSpecification","valueRequired":true,"valueName":"search_term_string"}}],"inLanguage":"fr-FR"},{"@type":"Organization","@id":"https:\/\/www.ludiversia.fr\/#organization","name":"ludiversIA","url":"https:\/\/www.ludiversia.fr\/","logo":{"@type":"ImageObject","inLanguage":"fr-FR","@id":"https:\/\/www.ludiversia.fr\/#\/schema\/logo\/image\/","url":"https:\/\/www.ludiversia.fr\/wp-content\/uploads\/2025\/08\/logo-signature.png","contentUrl":"https:\/\/www.ludiversia.fr\/wp-content\/uploads\/2025\/08\/logo-signature.png","width":226,"height":215,"caption":"ludiversIA"},"image":{"@id":"https:\/\/www.ludiversia.fr\/#\/schema\/logo\/image\/"}}]}},"jetpack_sharing_enabled":true,"_links":{"self":[{"href":"https:\/\/www.ludiversia.fr\/index.php?rest_route=\/wp\/v2\/pages\/104","targetHints":{"allow":["GET"]}}],"collection":[{"href":"https:\/\/www.ludiversia.fr\/index.php?rest_route=\/wp\/v2\/pages"}],"about":[{"href":"https:\/\/www.ludiversia.fr\/index.php?rest_route=\/wp\/v2\/types\/page"}],"author":[{"embeddable":true,"href":"https:\/\/www.ludiversia.fr\/index.php?rest_route=\/wp\/v2\/users\/1"}],"replies":[{"embeddable":true,"href":"https:\/\/www.ludiversia.fr\/index.php?rest_route=%2Fwp%2Fv2%2Fcomments&post=104"}],"version-history":[{"count":1,"href":"https:\/\/www.ludiversia.fr\/index.php?rest_route=\/wp\/v2\/pages\/104\/revisions"}],"predecessor-version":[{"id":163,"href":"https:\/\/www.ludiversia.fr\/index.php?rest_route=\/wp\/v2\/pages\/104\/revisions\/163"}],"wp:attachment":[{"href":"https:\/\/www.ludiversia.fr\/index.php?rest_route=%2Fwp%2Fv2%2Fmedia&parent=104"}],"curies":[{"name":"wp","href":"https:\/\/api.w.org\/{rel}","templated":true}]}}