{"id":102,"date":"2025-08-20T15:11:45","date_gmt":"2025-08-20T15:11:45","guid":{"rendered":"http:\/\/ludiversia-102"},"modified":"2025-11-14T00:14:12","modified_gmt":"2025-11-13T23:14:12","slug":"a-propos","status":"publish","type":"page","link":"https:\/\/www.ludiversia.fr\/?page_id=102","title":{"rendered":"\u00c0\u2011propos \/ Manifeste"},"content":{"rendered":"<h3>\n\t\t\t\tLudi&rsquo;K&nbsp;Store<br \/>\n\t\t\t\t\tDes jeux et jouets qui stimulent l&rsquo;imagination, favorisent l&rsquo;apprentissage ludique et cr\u00e9ent des moments de partage inoubliables.<br \/>\n\t\t\t\t\t<\/h3>\n<h3>\n\t\t\t\tVERS&rsquo;L&nbsp;<br \/>\n\t\t\t\t\u00c9coresponsabilit\u00e9<br \/>\n\t\t\t\t\t\u00ab\u00a0Des produits durables, \u00e9thiques et respectueux de l&rsquo;environnement pour un avenir meilleur et un impact positif sur notre plan\u00e8te.\u00a0\u00bb<br \/>\n\t\t\t\t\t<\/h3>\n<h3>\n\t\t\t\tKL&rsquo;IA<br \/>\n\t\t\t\t\t\u00ab\u00a0L&rsquo;innovation technologique au service de l&rsquo;\u00e9ducation, avec des recommandations personnalis\u00e9es et une exp\u00e9rience d&rsquo;achat intelligente.\u00a0\u00bb<br \/>\n\t\t\t\t\t<\/h3>\n","protected":false},"excerpt":{"rendered":"<p>Ludi&rsquo;K&nbsp;Store Des jeux et jouets qui stimulent l&rsquo;imagination, favorisent l&rsquo;apprentissage ludique et cr\u00e9ent des moments de partage inoubliables. VERS&rsquo;L&nbsp; \u00c9coresponsabilit\u00e9 [&hellip;]<\/p>\n","protected":false},"author":1,"featured_media":0,"parent":0,"menu_order":0,"comment_status":"closed","ping_status":"closed","template":"","meta":{"site-sidebar-layout":"default","site-content-layout":"","ast-site-content-layout":"default","site-content-style":"default","site-sidebar-style":"default","ast-global-header-display":"","ast-banner-title-visibility":"","ast-main-header-display":"","ast-hfb-above-header-display":"","ast-hfb-below-header-display":"","ast-hfb-mobile-header-display":"","site-post-title":"","ast-breadcrumbs-content":"","ast-featured-img":"","footer-sml-layout":"","ast-disable-related-posts":"","theme-transparent-header-meta":"","adv-header-id-meta":"","stick-header-meta":"","header-above-stick-meta":"","header-main-stick-meta":"","header-below-stick-meta":"","astra-migrate-meta-layouts":"default","ast-page-background-enabled":"default","ast-page-background-meta":{"desktop":{"background-color":"var(--ast-global-color-5)","background-image":"","background-repeat":"repeat","background-position":"center center","background-size":"auto","background-attachment":"scroll","background-type":"","background-media":"","overlay-type":"","overlay-color":"","overlay-opacity":"","overlay-gradient":""},"tablet":{"background-color":"","background-image":"","background-repeat":"repeat","background-position":"center center","background-size":"auto","background-attachment":"scroll","background-type":"","background-media":"","overlay-type":"","overlay-color":"","overlay-opacity":"","overlay-gradient":""},"mobile":{"background-color":"","background-image":"","background-repeat":"repeat","background-position":"center center","background-size":"auto","background-attachment":"scroll","background-type":"","background-media":"","overlay-type":"","overlay-color":"","overlay-opacity":"","overlay-gradient":""}},"ast-content-background-meta":{"desktop":{"background-color":"var(--ast-global-color-4)","background-image":"","background-repeat":"repeat","background-position":"center center","background-size":"auto","background-attachment":"scroll","background-type":"","background-media":"","overlay-type":"","overlay-color":"","overlay-opacity":"","overlay-gradient":""},"tablet":{"background-color":"var(--ast-global-color-4)","background-image":"","background-repeat":"repeat","background-position":"center center","background-size":"auto","background-attachment":"scroll","background-type":"","background-media":"","overlay-type":"","overlay-color":"","overlay-opacity":"","overlay-gradient":""},"mobile":{"background-color":"var(--ast-global-color-4)","background-image":"","background-repeat":"repeat","background-position":"center center","background-size":"auto","background-attachment":"scroll","background-type":"","background-media":"","overlay-type":"","overlay-color":"","overlay-opacity":"","overlay-gradient":""}},"footnotes":""},"class_list":["post-102","page","type-page","status-publish","hentry"],"yoast_head":"<!-- This site is optimized with the Yoast SEO plugin v27.3 - https:\/\/yoast.com\/product\/yoast-seo-wordpress\/ -->\n<title>\u00c0\u2011propos \/ Manifeste -<\/title>\n<meta name=\"description\" content=\"Intelligence ludique, inclusion by design, responsabilit\u00e9 &amp; co\u2011cr\u00e9ation.\" \/>\n<meta name=\"robots\" content=\"index, follow, max-snippet:-1, max-image-preview:large, max-video-preview:-1\" \/>\n<link rel=\"canonical\" href=\"https:\/\/www.ludiversia.fr\/?page_id=102\" \/>\n<meta property=\"og:locale\" content=\"fr_FR\" \/>\n<meta property=\"og:type\" content=\"article\" \/>\n<meta property=\"og:title\" content=\"\u00c0\u2011propos \/ Manifeste -\" \/>\n<meta property=\"og:description\" content=\"Intelligence ludique, inclusion by design, responsabilit\u00e9 &amp; co\u2011cr\u00e9ation.\" \/>\n<meta property=\"og:url\" content=\"https:\/\/www.ludiversia.fr\/?page_id=102\" \/>\n<meta property=\"article:modified_time\" content=\"2025-11-13T23:14:12+00:00\" \/>\n<meta name=\"twitter:card\" content=\"summary_large_image\" \/>\n<meta name=\"twitter:label1\" content=\"Dur\u00e9e de lecture estim\u00e9e\" \/>\n\t<meta name=\"twitter:data1\" content=\"1 minute\" \/>\n<script type=\"application\/ld+json\" class=\"yoast-schema-graph\">{\"@context\":\"https:\\\/\\\/schema.org\",\"@graph\":[{\"@type\":\"WebPage\",\"@id\":\"https:\\\/\\\/www.ludiversia.fr\\\/?page_id=102\",\"url\":\"https:\\\/\\\/www.ludiversia.fr\\\/?page_id=102\",\"name\":\"\u00c0\u2011propos \\\/ Manifeste -\",\"isPartOf\":{\"@id\":\"https:\\\/\\\/www.ludiversia.fr\\\/#website\"},\"datePublished\":\"2025-08-20T15:11:45+00:00\",\"dateModified\":\"2025-11-13T23:14:12+00:00\",\"description\":\"Intelligence ludique, inclusion by design, responsabilit\u00e9 & co\u2011cr\u00e9ation.\",\"breadcrumb\":{\"@id\":\"https:\\\/\\\/www.ludiversia.fr\\\/?page_id=102#breadcrumb\"},\"inLanguage\":\"fr-FR\",\"potentialAction\":[{\"@type\":\"ReadAction\",\"target\":[\"https:\\\/\\\/www.ludiversia.fr\\\/?page_id=102\"]}]},{\"@type\":\"BreadcrumbList\",\"@id\":\"https:\\\/\\\/www.ludiversia.fr\\\/?page_id=102#breadcrumb\",\"itemListElement\":[{\"@type\":\"ListItem\",\"position\":1,\"name\":\"Accueil\",\"item\":\"https:\\\/\\\/www.ludiversia.fr\\\/\"},{\"@type\":\"ListItem\",\"position\":2,\"name\":\"\u00c0\u2011propos \\\/ Manifeste\"}]},{\"@type\":\"WebSite\",\"@id\":\"https:\\\/\\\/www.ludiversia.fr\\\/#website\",\"url\":\"https:\\\/\\\/www.ludiversia.fr\\\/\",\"name\":\"ludiversIA\",\"description\":\"\",\"publisher\":{\"@id\":\"https:\\\/\\\/www.ludiversia.fr\\\/#organization\"},\"potentialAction\":[{\"@type\":\"SearchAction\",\"target\":{\"@type\":\"EntryPoint\",\"urlTemplate\":\"https:\\\/\\\/www.ludiversia.fr\\\/?s={search_term_string}\"},\"query-input\":{\"@type\":\"PropertyValueSpecification\",\"valueRequired\":true,\"valueName\":\"search_term_string\"}}],\"inLanguage\":\"fr-FR\"},{\"@type\":\"Organization\",\"@id\":\"https:\\\/\\\/www.ludiversia.fr\\\/#organization\",\"name\":\"ludiversIA\",\"url\":\"https:\\\/\\\/www.ludiversia.fr\\\/\",\"logo\":{\"@type\":\"ImageObject\",\"inLanguage\":\"fr-FR\",\"@id\":\"https:\\\/\\\/www.ludiversia.fr\\\/#\\\/schema\\\/logo\\\/image\\\/\",\"url\":\"https:\\\/\\\/www.ludiversia.fr\\\/wp-content\\\/uploads\\\/2025\\\/08\\\/logo-signature.png\",\"contentUrl\":\"https:\\\/\\\/www.ludiversia.fr\\\/wp-content\\\/uploads\\\/2025\\\/08\\\/logo-signature.png\",\"width\":226,\"height\":215,\"caption\":\"ludiversIA\"},\"image\":{\"@id\":\"https:\\\/\\\/www.ludiversia.fr\\\/#\\\/schema\\\/logo\\\/image\\\/\"}}]}<\/script>\n<!-- \/ Yoast SEO plugin. -->","yoast_head_json":{"title":"\u00c0\u2011propos \/ Manifeste -","description":"Intelligence ludique, inclusion by design, responsabilit\u00e9 & co\u2011cr\u00e9ation.","robots":{"index":"index","follow":"follow","max-snippet":"max-snippet:-1","max-image-preview":"max-image-preview:large","max-video-preview":"max-video-preview:-1"},"canonical":"https:\/\/www.ludiversia.fr\/?page_id=102","og_locale":"fr_FR","og_type":"article","og_title":"\u00c0\u2011propos \/ Manifeste -","og_description":"Intelligence ludique, inclusion by design, responsabilit\u00e9 & co\u2011cr\u00e9ation.","og_url":"https:\/\/www.ludiversia.fr\/?page_id=102","article_modified_time":"2025-11-13T23:14:12+00:00","twitter_card":"summary_large_image","twitter_misc":{"Dur\u00e9e de lecture estim\u00e9e":"1 minute"},"schema":{"@context":"https:\/\/schema.org","@graph":[{"@type":"WebPage","@id":"https:\/\/www.ludiversia.fr\/?page_id=102","url":"https:\/\/www.ludiversia.fr\/?page_id=102","name":"\u00c0\u2011propos \/ Manifeste -","isPartOf":{"@id":"https:\/\/www.ludiversia.fr\/#website"},"datePublished":"2025-08-20T15:11:45+00:00","dateModified":"2025-11-13T23:14:12+00:00","description":"Intelligence ludique, inclusion by design, responsabilit\u00e9 & co\u2011cr\u00e9ation.","breadcrumb":{"@id":"https:\/\/www.ludiversia.fr\/?page_id=102#breadcrumb"},"inLanguage":"fr-FR","potentialAction":[{"@type":"ReadAction","target":["https:\/\/www.ludiversia.fr\/?page_id=102"]}]},{"@type":"BreadcrumbList","@id":"https:\/\/www.ludiversia.fr\/?page_id=102#breadcrumb","itemListElement":[{"@type":"ListItem","position":1,"name":"Accueil","item":"https:\/\/www.ludiversia.fr\/"},{"@type":"ListItem","position":2,"name":"\u00c0\u2011propos \/ Manifeste"}]},{"@type":"WebSite","@id":"https:\/\/www.ludiversia.fr\/#website","url":"https:\/\/www.ludiversia.fr\/","name":"ludiversIA","description":"","publisher":{"@id":"https:\/\/www.ludiversia.fr\/#organization"},"potentialAction":[{"@type":"SearchAction","target":{"@type":"EntryPoint","urlTemplate":"https:\/\/www.ludiversia.fr\/?s={search_term_string}"},"query-input":{"@type":"PropertyValueSpecification","valueRequired":true,"valueName":"search_term_string"}}],"inLanguage":"fr-FR"},{"@type":"Organization","@id":"https:\/\/www.ludiversia.fr\/#organization","name":"ludiversIA","url":"https:\/\/www.ludiversia.fr\/","logo":{"@type":"ImageObject","inLanguage":"fr-FR","@id":"https:\/\/www.ludiversia.fr\/#\/schema\/logo\/image\/","url":"https:\/\/www.ludiversia.fr\/wp-content\/uploads\/2025\/08\/logo-signature.png","contentUrl":"https:\/\/www.ludiversia.fr\/wp-content\/uploads\/2025\/08\/logo-signature.png","width":226,"height":215,"caption":"ludiversIA"},"image":{"@id":"https:\/\/www.ludiversia.fr\/#\/schema\/logo\/image\/"}}]}},"jetpack_sharing_enabled":true,"_links":{"self":[{"href":"https:\/\/www.ludiversia.fr\/index.php?rest_route=\/wp\/v2\/pages\/102","targetHints":{"allow":["GET"]}}],"collection":[{"href":"https:\/\/www.ludiversia.fr\/index.php?rest_route=\/wp\/v2\/pages"}],"about":[{"href":"https:\/\/www.ludiversia.fr\/index.php?rest_route=\/wp\/v2\/types\/page"}],"author":[{"embeddable":true,"href":"https:\/\/www.ludiversia.fr\/index.php?rest_route=\/wp\/v2\/users\/1"}],"replies":[{"embeddable":true,"href":"https:\/\/www.ludiversia.fr\/index.php?rest_route=%2Fwp%2Fv2%2Fcomments&post=102"}],"version-history":[{"count":8,"href":"https:\/\/www.ludiversia.fr\/index.php?rest_route=\/wp\/v2\/pages\/102\/revisions"}],"predecessor-version":[{"id":259,"href":"https:\/\/www.ludiversia.fr\/index.php?rest_route=\/wp\/v2\/pages\/102\/revisions\/259"}],"wp:attachment":[{"href":"https:\/\/www.ludiversia.fr\/index.php?rest_route=%2Fwp%2Fv2%2Fmedia&parent=102"}],"curies":[{"name":"wp","href":"https:\/\/api.w.org\/{rel}","templated":true}]}}